{"id":476,"date":"2021-05-22T20:50:31","date_gmt":"2021-05-23T03:50:31","guid":{"rendered":"https:\/\/pdvtacoma.com\/?page_id=476"},"modified":"2026-02-12T19:17:19","modified_gmt":"2026-02-13T03:17:19","slug":"doctrina-fundamental","status":"publish","type":"page","link":"https:\/\/pdvtacoma.com\/es\/doctrina-fundamental\/","title":{"rendered":"\u00bfEn que creemos?\/What do we believe in?"},"content":{"rendered":"<p class=\"has-medium-font-size wp-block-paragraph\">SPANISH:<\/p>\n\n\n\n<p class=\"has-medium-font-size wp-block-paragraph\">Somos parte de la Iglesia de Dios.<\/p>\n\n\n\n<p class=\"has-medium-font-size wp-block-paragraph\">Su cede principal es conocida como Church of God en los Estados Unidos. En Puerto Rico es conocida como Iglesia de Dios Mission Board y en Sur America como Iglesia de Dios Evangelio Completo.<\/p>\n\n\n\n<p class=\"has-medium-font-size wp-block-paragraph\">Somos una iglesia de Sana Doctrina. Que basa su ense\u00f1anza en la Biblia. Trinitaria. Que predica salvaci\u00f3n a trav\u00e9s de Jesus y su regreso por la Iglesia.\u2002Para conocer mas de nuestras creencias presiona la foto para accesar la Declaraci\u00f3n\u2002de Fe de nuestra organizaci\u00f3n.<\/p>\n\n\n\n<p class=\"has-medium-font-size wp-block-paragraph\">ENGLISH:<\/p>\n\n\n\n<p class=\"has-medium-font-size wp-block-paragraph\">We are part of the Church of God.<\/p>\n\n\n\n<p class=\"has-medium-font-size wp-block-paragraph\">Its main headquarters is known as the Church of God in the United States. In Puerto Rico, it is known as the Church of God Mission Board, and in South America as the Church of God Full Gospel.<\/p>\n\n\n\n<p class=\"has-medium-font-size wp-block-paragraph\">We are a church of sound doctrine, whose teachings are based on the Bible. We are Trinitarian and preach salvation through Jesus and His return for the Church. To learn more about our beliefs, click the photo to access our organization&#8217;s Statement of Faith.<\/p>\n\n\n<div class=\"wp-block-image\">\n<figure class=\"aligncenter size-large is-resized\"><a href=\"https:\/\/churchofgodes.org\/beliefs\/declaration-of-faith\/\"><img data-recalc-dims=\"1\" loading=\"lazy\" decoding=\"async\" width=\"1154\" height=\"1154\" data-attachment-id=\"1552\" data-permalink=\"https:\/\/pdvtacoma.com\/es\/doctrina-fundamental\/1-1\/\" data-orig-file=\"https:\/\/i0.wp.com\/pdvtacoma.com\/wp-content\/uploads\/2024\/01\/1-1.png?fit=2295%2C2295&amp;ssl=1\" data-orig-size=\"2295,2295\" data-comments-opened=\"1\" data-image-meta=\"{&quot;aperture&quot;:&quot;0&quot;,&quot;credit&quot;:&quot;&quot;,&quot;camera&quot;:&quot;&quot;,&quot;caption&quot;:&quot;&quot;,&quot;created_timestamp&quot;:&quot;0&quot;,&quot;copyright&quot;:&quot;&quot;,&quot;focal_length&quot;:&quot;0&quot;,&quot;iso&quot;:&quot;0&quot;,&quot;shutter_speed&quot;:&quot;0&quot;,&quot;title&quot;:&quot;&quot;,&quot;orientation&quot;:&quot;0&quot;}\" data-image-title=\"1-1\" data-image-description=\"\" data-image-caption=\"\" data-large-file=\"https:\/\/i0.wp.com\/pdvtacoma.com\/wp-content\/uploads\/2024\/01\/1-1.png?fit=1024%2C1024&amp;ssl=1\" src=\"https:\/\/i0.wp.com\/pdvtacoma.com\/wp-content\/uploads\/2024\/01\/1-1.png?resize=1154%2C1154&#038;ssl=1\" alt=\"\" class=\"wp-image-1552\" style=\"width:704px;height:auto\" \/><\/a><\/figure>\n<\/div>","protected":false},"excerpt":{"rendered":"<p>SPANISH: Somos parte de la Iglesia de Dios. Su cede principal es conocida como Church of God en los Estados Unidos. En Puerto Rico es conocida como Iglesia de Dios Mission Board y en Sur America como Iglesia de Dios Evangelio Completo. Somos una iglesia de Sana Doctrina. Que basa su ense\u00f1anza en la Biblia. &hellip; <a href=\"https:\/\/pdvtacoma.com\/es\/doctrina-fundamental\/\" class=\"more-link\">Continue reading <span class=\"screen-reader-text\">\u00bfEn que creemos?\/What do we believe in?<\/span><\/a><\/p>","protected":false},"author":182568267,"featured_media":0,"parent":0,"menu_order":0,"comment_status":"closed","ping_status":"closed","template":"","meta":{"_coblocks_attr":"","_coblocks_dimensions":"","_coblocks_responsive_height":"","_coblocks_accordion_ie_support":"","_crdt_document":"","advanced_seo_description":"","jetpack_seo_html_title":"","jetpack_seo_noindex":false,"footnotes":""},"tags":[],"class_list":["post-476","page","type-page","status-publish","hentry"],"jetpack_likes_enabled":true,"jetpack_sharing_enabled":true,"jetpack_shortlink":"https:\/\/wp.me\/PbP7ix-7G","jetpack-related-posts":[],"_links":{"self":[{"href":"https:\/\/pdvtacoma.com\/es\/wp-json\/wp\/v2\/pages\/476","targetHints":{"allow":["GET"]}}],"collection":[{"href":"https:\/\/pdvtacoma.com\/es\/wp-json\/wp\/v2\/pages"}],"about":[{"href":"https:\/\/pdvtacoma.com\/es\/wp-json\/wp\/v2\/types\/page"}],"author":[{"embeddable":true,"href":"https:\/\/pdvtacoma.com\/es\/wp-json\/wp\/v2\/users\/182568267"}],"replies":[{"embeddable":true,"href":"https:\/\/pdvtacoma.com\/es\/wp-json\/wp\/v2\/comments?post=476"}],"version-history":[{"count":25,"href":"https:\/\/pdvtacoma.com\/es\/wp-json\/wp\/v2\/pages\/476\/revisions"}],"predecessor-version":[{"id":1866,"href":"https:\/\/pdvtacoma.com\/es\/wp-json\/wp\/v2\/pages\/476\/revisions\/1866"}],"wp:attachment":[{"href":"https:\/\/pdvtacoma.com\/es\/wp-json\/wp\/v2\/media?parent=476"}],"wp:term":[{"taxonomy":"post_tag","embeddable":true,"href":"https:\/\/pdvtacoma.com\/es\/wp-json\/wp\/v2\/tags?post=476"}],"curies":[{"name":"wp","href":"https:\/\/api.w.org\/{rel}","templated":true}]}}