{"id":381,"date":"2021-05-21T00:58:36","date_gmt":"2021-05-21T07:58:36","guid":{"rendered":"https:\/\/pdvtacoma.com\/?page_id=381"},"modified":"2025-06-10T23:30:02","modified_gmt":"2025-06-11T06:30:02","slug":"discipulado","status":"publish","type":"page","link":"https:\/\/pdvtacoma.com\/es\/discipulado\/","title":{"rendered":"Zoom"},"content":{"rendered":"<hr class=\"wp-block-separator has-css-opacity\" \/>\n\n\n\n<h3 class=\"wp-block-heading has-medium-font-size\" style=\"font-style:normal;font-weight:600\">Saludos. <\/h3>\n\n\n\n<p class=\"has-medium-font-size wp-block-paragraph\">Puedes Accesar nuestras clases y cultos de oraci\u00f3n a trav\u00e9s del enlace. Presiona la foto para accesar la sala de reuni\u00f3n. <\/p>\n\n\n<div class=\"wp-block-image\">\n<figure class=\"aligncenter size-large is-resized\"><a href=\"https:\/\/us02web.zoom.us\/j\/2533662657?pwd=9IxdwbMGdBZY9I2jQbW9iKMbUEMc2z.1&amp;omn=85899012940\"><img data-recalc-dims=\"1\" loading=\"lazy\" decoding=\"async\" width=\"1154\" height=\"1154\" data-attachment-id=\"1547\" data-permalink=\"https:\/\/pdvtacoma.com\/es\/discipulado\/2-3-1\/\" data-orig-file=\"https:\/\/i0.wp.com\/pdvtacoma.com\/wp-content\/uploads\/2024\/01\/2-3-1.png?fit=2295%2C2295&amp;ssl=1\" data-orig-size=\"2295,2295\" data-comments-opened=\"1\" data-image-meta=\"{&quot;aperture&quot;:&quot;0&quot;,&quot;credit&quot;:&quot;&quot;,&quot;camera&quot;:&quot;&quot;,&quot;caption&quot;:&quot;&quot;,&quot;created_timestamp&quot;:&quot;0&quot;,&quot;copyright&quot;:&quot;&quot;,&quot;focal_length&quot;:&quot;0&quot;,&quot;iso&quot;:&quot;0&quot;,&quot;shutter_speed&quot;:&quot;0&quot;,&quot;title&quot;:&quot;&quot;,&quot;orientation&quot;:&quot;0&quot;}\" data-image-title=\"2-3-1\" data-image-description=\"\" data-image-caption=\"\" data-large-file=\"https:\/\/i0.wp.com\/pdvtacoma.com\/wp-content\/uploads\/2024\/01\/2-3-1.png?fit=1024%2C1024&amp;ssl=1\" src=\"https:\/\/i0.wp.com\/pdvtacoma.com\/wp-content\/uploads\/2024\/01\/2-3-1.png?resize=1154%2C1154&#038;ssl=1\" alt=\"\" class=\"wp-image-1547\" style=\"width:748px;height:auto\" \/><\/a><\/figure>\n<\/div>\n\n\n<p class=\"wp-block-paragraph\"><\/p>\n\n\n\n<p class=\"wp-block-paragraph\"><\/p>\n\n\n\n\n\n<p class=\"wp-block-paragraph\"><\/p>","protected":false},"excerpt":{"rendered":"<p>Saludos. Puedes Accesar nuestras clases y cultos de oraci\u00f3n a trav\u00e9s del enlace. Presiona la foto para accesar la sala de reuni\u00f3n.<\/p>","protected":false},"author":182568267,"featured_media":0,"parent":0,"menu_order":0,"comment_status":"closed","ping_status":"closed","template":"","meta":{"_coblocks_attr":"","_coblocks_dimensions":"","_coblocks_responsive_height":"","_coblocks_accordion_ie_support":"","_crdt_document":"","advanced_seo_description":"","jetpack_seo_html_title":"","jetpack_seo_noindex":false,"footnotes":""},"tags":[],"class_list":["post-381","page","type-page","status-publish","hentry"],"jetpack_likes_enabled":true,"jetpack_sharing_enabled":true,"jetpack_shortlink":"https:\/\/wp.me\/PbP7ix-69","jetpack-related-posts":[],"_links":{"self":[{"href":"https:\/\/pdvtacoma.com\/es\/wp-json\/wp\/v2\/pages\/381","targetHints":{"allow":["GET"]}}],"collection":[{"href":"https:\/\/pdvtacoma.com\/es\/wp-json\/wp\/v2\/pages"}],"about":[{"href":"https:\/\/pdvtacoma.com\/es\/wp-json\/wp\/v2\/types\/page"}],"author":[{"embeddable":true,"href":"https:\/\/pdvtacoma.com\/es\/wp-json\/wp\/v2\/users\/182568267"}],"replies":[{"embeddable":true,"href":"https:\/\/pdvtacoma.com\/es\/wp-json\/wp\/v2\/comments?post=381"}],"version-history":[{"count":25,"href":"https:\/\/pdvtacoma.com\/es\/wp-json\/wp\/v2\/pages\/381\/revisions"}],"predecessor-version":[{"id":1826,"href":"https:\/\/pdvtacoma.com\/es\/wp-json\/wp\/v2\/pages\/381\/revisions\/1826"}],"wp:attachment":[{"href":"https:\/\/pdvtacoma.com\/es\/wp-json\/wp\/v2\/media?parent=381"}],"wp:term":[{"taxonomy":"post_tag","embeddable":true,"href":"https:\/\/pdvtacoma.com\/es\/wp-json\/wp\/v2\/tags?post=381"}],"curies":[{"name":"wp","href":"https:\/\/api.w.org\/{rel}","templated":true}]}}